{"id":1444,"date":"2016-06-16T12:13:11","date_gmt":"2016-06-16T10:13:11","guid":{"rendered":"https:\/\/www.enomet.it\/es\/prodotti\/recupero-co2\/"},"modified":"2016-07-15T16:40:10","modified_gmt":"2016-07-15T14:40:10","slug":"recuperacion-de-la-co2","status":"publish","type":"page","link":"https:\/\/www.enomet.it\/es\/enomet-productos\/recuperacion-de-la-co2\/","title":{"rendered":"Recuperaci\u00f2n de la CO2"},"content":{"rendered":"<h3><span style=\"color: #d90011;\">RECUPERACI\u00d3N DEL ANH\u00cdDRIDO CARB\u00d3NICO DE FERMENTACI\u00d3N<br \/>\nLa ciencia y el arte al servicio del ambiente.<\/span><\/h3>\n","protected":false},"excerpt":{"rendered":"<p>RECUPERACI\u00d3N DEL ANH\u00cdDRIDO CARB\u00d3NICO DE FERMENTACI\u00d3N La ciencia y el [&hellip;]<\/p>\n","protected":false},"author":1,"featured_media":0,"parent":1401,"menu_order":0,"comment_status":"closed","ping_status":"closed","template":"portfolio-three-column-text.php","meta":{"_acf_changed":false,"footnotes":""},"class_list":["post-1444","page","type-page","status-publish","hentry"],"acf":[],"aioseo_notices":[],"_links":{"self":[{"href":"https:\/\/www.enomet.it\/es\/wp-json\/wp\/v2\/pages\/1444","targetHints":{"allow":["GET"]}}],"collection":[{"href":"https:\/\/www.enomet.it\/es\/wp-json\/wp\/v2\/pages"}],"about":[{"href":"https:\/\/www.enomet.it\/es\/wp-json\/wp\/v2\/types\/page"}],"author":[{"embeddable":true,"href":"https:\/\/www.enomet.it\/es\/wp-json\/wp\/v2\/users\/1"}],"replies":[{"embeddable":true,"href":"https:\/\/www.enomet.it\/es\/wp-json\/wp\/v2\/comments?post=1444"}],"version-history":[{"count":0,"href":"https:\/\/www.enomet.it\/es\/wp-json\/wp\/v2\/pages\/1444\/revisions"}],"up":[{"embeddable":true,"href":"https:\/\/www.enomet.it\/es\/wp-json\/wp\/v2\/pages\/1401"}],"wp:attachment":[{"href":"https:\/\/www.enomet.it\/es\/wp-json\/wp\/v2\/media?parent=1444"}],"curies":[{"name":"wp","href":"https:\/\/api.w.org\/{rel}","templated":true}]}}